{"id":875,"date":"2025-12-05T03:03:44","date_gmt":"2025-12-05T03:03:44","guid":{"rendered":"https:\/\/cvt.edu.mx\/home\/?page_id=875"},"modified":"2026-02-17T14:32:40","modified_gmt":"2026-02-17T14:32:40","slug":"somos-victoria","status":"publish","type":"page","link":"https:\/\/cvt.edu.mx\/home\/somos-victoria\/","title":{"rendered":"Somos Victoria"},"content":{"rendered":"\t\t<div data-elementor-type=\"wp-page\" data-elementor-id=\"875\" class=\"elementor elementor-875\" data-elementor-post-type=\"page\">\n\t\t\t\t<div class=\"elementor-element elementor-element-05f8acd e-flex e-con-boxed e-con e-parent\" data-id=\"05f8acd\" data-element_type=\"container\" data-e-type=\"container\" data-settings=\"{&quot;background_background&quot;:&quot;classic&quot;}\">\n\t\t\t\t\t<div class=\"e-con-inner\">\n\t\t\t\t<div class=\"elementor-element elementor-element-8df16ce elementor-widget__width-initial elementor-widget-mobile__width-inherit elementor-widget elementor-widget-heading\" data-id=\"8df16ce\" data-element_type=\"widget\" data-e-type=\"widget\" data-widget_type=\"heading.default\">\n\t\t\t\t\t<h1 class=\"elementor-heading-title elementor-size-default\">M\u00e1s que un Colegio, somos una comunidad<\/h1>\t\t\t\t<\/div>\n\t\t\t\t<div class=\"elementor-element elementor-element-7360f96 elementor-widget elementor-widget-heading\" data-id=\"7360f96\" data-element_type=\"widget\" data-e-type=\"widget\" data-widget_type=\"heading.default\">\n\t\t\t\t\t<p class=\"elementor-heading-title elementor-size-default\">que transforma vidas<\/p>\t\t\t\t<\/div>\n\t\t\t\t<div class=\"elementor-element elementor-element-c2a3ea8 elementor-widget__width-initial elementor-widget-mobile__width-inherit elementor-widget elementor-widget-heading\" data-id=\"c2a3ea8\" data-element_type=\"widget\" data-e-type=\"widget\" data-widget_type=\"heading.default\">\n\t\t\t\t\t<p class=\"elementor-heading-title elementor-size-default\">Con m\u00e1s de 35 a\u00f1os de historia, Colegio Victoria Tepeyac es el lugar donde el conocimiento, los valores, la tradici\u00f3n y la innovaci\u00f3n se unen para formar seres humanos \u00edntegros.\n<\/p>\t\t\t\t<\/div>\n\t\t\t\t<div class=\"elementor-element elementor-element-cb4ea63 elementor-widget elementor-widget-premium-addon-image-button\" data-id=\"cb4ea63\" data-element_type=\"widget\" data-e-type=\"widget\" data-widget_type=\"premium-addon-image-button.default\">\n\t\t\t\t\t\r\n\t\t<a class=\"premium-image-button-style1 premium-image-button premium-btn-lg premium-image-button-style1-bottom\" href=\"#elementor-action%3Aaction%3Dpopup%3Aopen%26settings%3DeyJpZCI6Ijg1NSIsInRvZ2dsZSI6ZmFsc2V9\">\r\n\t\t\t<div class=\"premium-image-button-text-icon-wrapper\">\r\n\r\n\t\t\t\t\r\n\t\t\t\t\t\t\t\t\t<span >\r\n\t\t\t\t\t\tAgenda una visita ahora\t\t\t\t\t<\/span>\r\n\t\t\t\t\r\n\t\t\t<\/div>\r\n\r\n\t\t\t\r\n\t\t\t\r\n\t\t\t\r\n\t\t<\/a>\r\n\r\n\t\t\t\t\t\t<\/div>\n\t\t\t\t\t<\/div>\n\t\t\t\t<\/div>\n\t\t<div class=\"elementor-element elementor-element-1813514 e-flex e-con-boxed e-con e-parent\" data-id=\"1813514\" data-element_type=\"container\" data-e-type=\"container\">\n\t\t\t\t\t<div class=\"e-con-inner\">\n\t\t<div class=\"elementor-element elementor-element-039c916 e-con-full e-flex e-con e-child\" data-id=\"039c916\" data-element_type=\"container\" data-e-type=\"container\">\n\t\t\t\t<div class=\"elementor-element elementor-element-61b809c elementor-widget elementor-widget-image\" data-id=\"61b809c\" data-element_type=\"widget\" data-e-type=\"widget\" data-widget_type=\"image.default\">\n\t\t\t\t\t\t\t\t\t\t\t\t\t\t\t<img fetchpriority=\"high\" decoding=\"async\" width=\"957\" height=\"866\" src=\"https:\/\/cvt.edu.mx\/home\/wp-content\/uploads\/2025\/12\/Imagen.jpg\" class=\"attachment-full size-full wp-image-890\" alt=\"\" srcset=\"https:\/\/cvt.edu.mx\/home\/wp-content\/uploads\/2025\/12\/Imagen.jpg 957w, https:\/\/cvt.edu.mx\/home\/wp-content\/uploads\/2025\/12\/Imagen-300x271.jpg 300w, https:\/\/cvt.edu.mx\/home\/wp-content\/uploads\/2025\/12\/Imagen-768x695.jpg 768w\" sizes=\"(max-width: 957px) 100vw, 957px\" \/>\t\t\t\t\t\t\t\t\t\t\t\t\t\t\t<\/div>\n\t\t\t\t<\/div>\n\t\t<div class=\"elementor-element elementor-element-ba22967 e-con-full e-flex e-con e-child\" data-id=\"ba22967\" data-element_type=\"container\" data-e-type=\"container\">\n\t\t\t\t<div class=\"elementor-element elementor-element-b0b1cad elementor-widget__width-auto elementor-widget-mobile__width-auto elementor-widget elementor-widget-heading\" data-id=\"b0b1cad\" data-element_type=\"widget\" data-e-type=\"widget\" data-widget_type=\"heading.default\">\n\t\t\t\t\t<p class=\"elementor-heading-title elementor-size-default\">Nuestra historia<\/p>\t\t\t\t<\/div>\n\t\t\t\t<div class=\"elementor-element elementor-element-79cb32e elementor-widget elementor-widget-heading\" data-id=\"79cb32e\" data-element_type=\"widget\" data-e-type=\"widget\" data-widget_type=\"heading.default\">\n\t\t\t\t\t<h2 class=\"elementor-heading-title elementor-size-default\">El Colegio Victoria Tepeyac ha sido un referente educativo en la zona norte de la Ciudad de M\u00e9xico.<\/h2>\t\t\t\t<\/div>\n\t\t\t\t<div class=\"elementor-element elementor-element-dee1eed elementor-widget__width-initial elementor-widget-mobile__width-inherit elementor-widget elementor-widget-heading\" data-id=\"dee1eed\" data-element_type=\"widget\" data-e-type=\"widget\" data-widget_type=\"heading.default\">\n\t\t\t\t\t<p class=\"elementor-heading-title elementor-size-default\">Naci\u00f3 con una <span style=\"color: #000061\"> <b>visi\u00f3n clara: formar alumnos \u00edntegros, valientes y comprometidos con su entorno.<\/b> <\/span>El nombre \u201cVictoria\u201d no fue casual, sino una declaraci\u00f3n de principios: valor, inteligencia, coraje, tenacidad, orgullo, respeto, inter\u00e9s y amor. Con el paso del tiempo, el colegio evolucion\u00f3, dejando de ser exclusivo para varones y abrir sus puertas a mujeres, adoptando el nombre que hoy nos representa con orgullo: Victoria Tepeyac.<\/p>\t\t\t\t<\/div>\n\t\t\t\t<\/div>\n\t\t\t\t\t<\/div>\n\t\t\t\t<\/div>\n\t\t<div class=\"elementor-element elementor-element-4f7da32 e-flex e-con-boxed e-con e-parent\" data-id=\"4f7da32\" data-element_type=\"container\" data-e-type=\"container\" data-settings=\"{&quot;background_background&quot;:&quot;classic&quot;}\">\n\t\t\t\t\t<div class=\"e-con-inner\">\n\t\t<div class=\"elementor-element elementor-element-bdfb090 e-con-full e-flex e-con e-child\" data-id=\"bdfb090\" data-element_type=\"container\" data-e-type=\"container\">\n\t\t<div class=\"elementor-element elementor-element-a2b87e9 e-grid e-con-full e-con e-child\" data-id=\"a2b87e9\" data-element_type=\"container\" data-e-type=\"container\">\n\t\t<div class=\"elementor-element elementor-element-81badec e-con-full e-flex e-con e-child\" data-id=\"81badec\" data-element_type=\"container\" data-e-type=\"container\">\n\t\t\t\t<div class=\"elementor-element elementor-element-db512e2 elementor-widget__width-auto elementor-widget-mobile__width-auto elementor-widget elementor-widget-heading\" data-id=\"db512e2\" data-element_type=\"widget\" data-e-type=\"widget\" data-widget_type=\"heading.default\">\n\t\t\t\t\t<p class=\"elementor-heading-title elementor-size-default\">Colegio Victoria Tepeyac<\/p>\t\t\t\t<\/div>\n\t\t\t\t<div class=\"elementor-element elementor-element-0c7ce17 elementor-widget elementor-widget-heading\" data-id=\"0c7ce17\" data-element_type=\"widget\" data-e-type=\"widget\" data-widget_type=\"heading.default\">\n\t\t\t\t\t<h2 class=\"elementor-heading-title elementor-size-default\">A lo largo de las d\u00e9cadas, hemos crecido sin perder nuestra esencia.<\/h2>\t\t\t\t<\/div>\n\t\t\t\t<div class=\"elementor-element elementor-element-fbe6f8e elementor-widget__width-initial elementor-widget-mobile__width-inherit elementor-widget elementor-widget-heading\" data-id=\"fbe6f8e\" data-element_type=\"widget\" data-e-type=\"widget\" data-widget_type=\"heading.default\">\n\t\t\t\t\t<p class=\"elementor-heading-title elementor-size-default\">Bajo distintas direcciones, el colegio ha sabido transformarse con inteligencia y disciplina, manteniendo intactos los ideales humanistas que nos dieron origen. Hoy, con instalaciones modernas, un edificio exclusivo para primaria y una preparatoria incorporada a la UNAM,  <span style=\"color: #000061\"> <b>seguimos formando generaciones que se distinguen por su pensamiento cr\u00edtico, su compromiso social y su capacidad de superaci\u00f3n.<\/b> <\/span><\/p>\t\t\t\t<\/div>\n\t\t\t\t<\/div>\n\t\t\t\t<div class=\"elementor-element elementor-element-718ad6c elementor-arrows-position-inside elementor-pagination-position-outside elementor-widget elementor-widget-image-carousel\" data-id=\"718ad6c\" data-element_type=\"widget\" data-e-type=\"widget\" data-settings=\"{&quot;slides_to_show&quot;:&quot;1&quot;,&quot;navigation&quot;:&quot;both&quot;,&quot;autoplay&quot;:&quot;yes&quot;,&quot;pause_on_hover&quot;:&quot;yes&quot;,&quot;pause_on_interaction&quot;:&quot;yes&quot;,&quot;autoplay_speed&quot;:5000,&quot;infinite&quot;:&quot;yes&quot;,&quot;effect&quot;:&quot;slide&quot;,&quot;speed&quot;:500}\" data-widget_type=\"image-carousel.default\">\n\t\t\t\t\t\t\t<div class=\"elementor-image-carousel-wrapper swiper\" role=\"region\" aria-roledescription=\"carousel\" aria-label=\"Image Carousel\" dir=\"ltr\">\n\t\t\t<div class=\"elementor-image-carousel swiper-wrapper\" aria-live=\"off\">\n\t\t\t\t\t\t\t\t<div class=\"swiper-slide\" role=\"group\" aria-roledescription=\"slide\" aria-label=\"1 of 4\"><figure class=\"swiper-slide-inner\"><img decoding=\"async\" class=\"swiper-slide-image\" src=\"https:\/\/cvt.edu.mx\/home\/wp-content\/uploads\/2025\/12\/1-1.jpg\" alt=\"1\" \/><\/figure><\/div><div class=\"swiper-slide\" role=\"group\" aria-roledescription=\"slide\" aria-label=\"2 of 4\"><figure class=\"swiper-slide-inner\"><img decoding=\"async\" class=\"swiper-slide-image\" src=\"https:\/\/cvt.edu.mx\/home\/wp-content\/uploads\/2025\/12\/2-1.jpg\" alt=\"2\" \/><\/figure><\/div><div class=\"swiper-slide\" role=\"group\" aria-roledescription=\"slide\" aria-label=\"3 of 4\"><figure class=\"swiper-slide-inner\"><img decoding=\"async\" class=\"swiper-slide-image\" src=\"https:\/\/cvt.edu.mx\/home\/wp-content\/uploads\/2025\/12\/3-1.jpg\" alt=\"3\" \/><\/figure><\/div><div class=\"swiper-slide\" role=\"group\" aria-roledescription=\"slide\" aria-label=\"4 of 4\"><figure class=\"swiper-slide-inner\"><img decoding=\"async\" class=\"swiper-slide-image\" src=\"https:\/\/cvt.edu.mx\/home\/wp-content\/uploads\/2025\/12\/4-1.jpg\" alt=\"4\" \/><\/figure><\/div>\t\t\t<\/div>\n\t\t\t\t\t\t\t\t\t\t\t\t<div class=\"elementor-swiper-button elementor-swiper-button-prev\" role=\"button\" tabindex=\"0\">\n\t\t\t\t\t\t<svg aria-hidden=\"true\" class=\"e-font-icon-svg e-eicon-chevron-left\" viewBox=\"0 0 1000 1000\" xmlns=\"http:\/\/www.w3.org\/2000\/svg\"><path d=\"M646 125C629 125 613 133 604 142L308 442C296 454 292 471 292 487 292 504 296 521 308 533L604 854C617 867 629 875 646 875 663 875 679 871 692 858 704 846 713 829 713 812 713 796 708 779 692 767L438 487 692 225C700 217 708 204 708 187 708 171 704 154 692 142 675 129 663 125 646 125Z\"><\/path><\/svg>\t\t\t\t\t<\/div>\n\t\t\t\t\t<div class=\"elementor-swiper-button elementor-swiper-button-next\" role=\"button\" tabindex=\"0\">\n\t\t\t\t\t\t<svg aria-hidden=\"true\" class=\"e-font-icon-svg e-eicon-chevron-right\" viewBox=\"0 0 1000 1000\" xmlns=\"http:\/\/www.w3.org\/2000\/svg\"><path d=\"M696 533C708 521 713 504 713 487 713 471 708 454 696 446L400 146C388 133 375 125 354 125 338 125 325 129 313 142 300 154 292 171 292 187 292 204 296 221 308 233L563 492 304 771C292 783 288 800 288 817 288 833 296 850 308 863 321 871 338 875 354 875 371 875 388 867 400 854L696 533Z\"><\/path><\/svg>\t\t\t\t\t<\/div>\n\t\t\t\t\n\t\t\t\t\t\t\t\t\t<div class=\"swiper-pagination\"><\/div>\n\t\t\t\t\t\t\t\t\t<\/div>\n\t\t\t\t\t\t<\/div>\n\t\t\t\t<\/div>\n\t\t\t\t<\/div>\n\t\t\t\t\t<\/div>\n\t\t\t\t<\/div>\n\t\t<div class=\"elementor-element elementor-element-0ef38cc e-flex e-con-boxed e-con e-parent\" data-id=\"0ef38cc\" data-element_type=\"container\" data-e-type=\"container\">\n\t\t\t\t\t<div class=\"e-con-inner\">\n\t\t<div class=\"elementor-element elementor-element-f618f2a e-con-full e-flex e-con e-child\" data-id=\"f618f2a\" data-element_type=\"container\" data-e-type=\"container\" data-settings=\"{&quot;background_background&quot;:&quot;classic&quot;}\">\n\t\t<div class=\"elementor-element elementor-element-e69c847 e-con-full e-flex e-con e-child\" data-id=\"e69c847\" data-element_type=\"container\" data-e-type=\"container\">\n\t\t<div class=\"elementor-element elementor-element-0b24489 e-con-full e-flex e-con e-child\" data-id=\"0b24489\" data-element_type=\"container\" data-e-type=\"container\">\n\t\t\t\t<div class=\"elementor-element elementor-element-28e5daf elementor-position-left elementor-position-top elementor-vertical-align-middle elementor-widget elementor-widget-image-box\" data-id=\"28e5daf\" data-element_type=\"widget\" data-e-type=\"widget\" data-widget_type=\"image-box.default\">\n\t\t\t\t\t<div class=\"elementor-image-box-wrapper\"><figure class=\"elementor-image-box-img\"><img decoding=\"async\" width=\"120\" height=\"120\" src=\"https:\/\/cvt.edu.mx\/home\/wp-content\/uploads\/2025\/12\/Mision.png\" class=\"attachment-full size-full wp-image-953\" alt=\"\" \/><\/figure><div class=\"elementor-image-box-content\"><h3 class=\"elementor-image-box-title\">Misi\u00f3n<\/h3><\/div><\/div>\t\t\t\t<\/div>\n\t\t\t\t<\/div>\n\t\t<div class=\"elementor-element elementor-element-9a606dc e-con-full e-flex e-con e-child\" data-id=\"9a606dc\" data-element_type=\"container\" data-e-type=\"container\">\n\t\t\t\t<div class=\"elementor-element elementor-element-3417f5a elementor-widget__width-initial elementor-widget-mobile__width-inherit elementor-widget elementor-widget-heading\" data-id=\"3417f5a\" data-element_type=\"widget\" data-e-type=\"widget\" data-widget_type=\"heading.default\">\n\t\t\t\t\t<p class=\"elementor-heading-title elementor-size-default\">Formar integralmente a ni\u00f1as, ni\u00f1os y j\u00f3venes dentro de una comunidad educativa c\u00e1lida, eficaz y comprometida con los valores humanos, brindando un nivel acad\u00e9mico s\u00f3lido que les permita enfrentar los desaf\u00edos actuales con pensamiento cr\u00edtico, responsabilidad social y sentido \u00e9tico.<\/p>\t\t\t\t<\/div>\n\t\t\t\t<\/div>\n\t\t\t\t<\/div>\n\t\t<div class=\"elementor-element elementor-element-f1ce1c2 e-con-full e-flex e-con e-child\" data-id=\"f1ce1c2\" data-element_type=\"container\" data-e-type=\"container\">\n\t\t<div class=\"elementor-element elementor-element-891ffce e-con-full e-flex e-con e-child\" data-id=\"891ffce\" data-element_type=\"container\" data-e-type=\"container\">\n\t\t\t\t<div class=\"elementor-element elementor-element-d3bbf95 elementor-vertical-align-middle elementor-widget elementor-widget-image-box\" data-id=\"d3bbf95\" data-element_type=\"widget\" data-e-type=\"widget\" data-widget_type=\"image-box.default\">\n\t\t\t\t\t<div class=\"elementor-image-box-wrapper\"><div class=\"elementor-image-box-content\"><h3 class=\"elementor-image-box-title\">MODELO EDUCATIVO<\/h3><\/div><\/div>\t\t\t\t<\/div>\n\t\t\t\t<\/div>\n\t\t<div class=\"elementor-element elementor-element-21a718f e-con-full e-flex e-con e-child\" data-id=\"21a718f\" data-element_type=\"container\" data-e-type=\"container\">\n\t\t\t\t<div class=\"elementor-element elementor-element-0d7387f elementor-widget__width-initial elementor-widget-mobile__width-inherit elementor-widget elementor-widget-heading\" data-id=\"0d7387f\" data-element_type=\"widget\" data-e-type=\"widget\" data-widget_type=\"heading.default\">\n\t\t\t\t\t<p class=\"elementor-heading-title elementor-size-default\">Aula Viva Emprendedora es m\u00e1s que un modelo educativo: es una experiencia \ntransformadora que une el aprendizaje constructivista con el esp\u00edritu emprendedor, \npreparando a nuestros j\u00f3venes para ser l\u00edderes resilientes y visionarios en el siglo XXI.<\/p>\t\t\t\t<\/div>\n\t\t\t\t<\/div>\n\t\t\t\t<\/div>\n\t\t<div class=\"elementor-element elementor-element-29941f5 e-con-full e-flex e-con e-child\" data-id=\"29941f5\" data-element_type=\"container\" data-e-type=\"container\">\n\t\t<div class=\"elementor-element elementor-element-ef28ea0 e-con-full e-flex e-con e-child\" data-id=\"ef28ea0\" data-element_type=\"container\" data-e-type=\"container\">\n\t\t\t\t<div class=\"elementor-element elementor-element-b649fff gallery-spacing-custom elementor-widget elementor-widget-image-gallery\" data-id=\"b649fff\" data-element_type=\"widget\" data-e-type=\"widget\" data-widget_type=\"image-gallery.default\">\n\t\t\t\t\t\t\t<div class=\"elementor-image-gallery\">\n\t\t\t<div id='gallery-1' class='gallery galleryid-875 gallery-columns-3 gallery-size-full'><figure class='gallery-item'>\n\t\t\t<div class='gallery-icon landscape'>\n\t\t\t\t<img decoding=\"async\" width=\"378\" height=\"249\" src=\"https:\/\/cvt.edu.mx\/home\/wp-content\/uploads\/2025\/12\/Mask-group-2.jpg\" class=\"attachment-full size-full\" alt=\"\" srcset=\"https:\/\/cvt.edu.mx\/home\/wp-content\/uploads\/2025\/12\/Mask-group-2.jpg 378w, https:\/\/cvt.edu.mx\/home\/wp-content\/uploads\/2025\/12\/Mask-group-2-300x198.jpg 300w\" sizes=\"(max-width: 378px) 100vw, 378px\" \/>\n\t\t\t<\/div><\/figure><figure class='gallery-item'>\n\t\t\t<div class='gallery-icon landscape'>\n\t\t\t\t<img loading=\"lazy\" decoding=\"async\" width=\"378\" height=\"244\" src=\"https:\/\/cvt.edu.mx\/home\/wp-content\/uploads\/2026\/01\/Imagen1.jpg\" class=\"attachment-full size-full\" alt=\"\" srcset=\"https:\/\/cvt.edu.mx\/home\/wp-content\/uploads\/2026\/01\/Imagen1.jpg 378w, https:\/\/cvt.edu.mx\/home\/wp-content\/uploads\/2026\/01\/Imagen1-300x194.jpg 300w\" sizes=\"(max-width: 378px) 100vw, 378px\" \/>\n\t\t\t<\/div><\/figure><figure class='gallery-item'>\n\t\t\t<div class='gallery-icon landscape'>\n\t\t\t\t<img loading=\"lazy\" decoding=\"async\" width=\"1589\" height=\"1032\" src=\"https:\/\/cvt.edu.mx\/home\/wp-content\/uploads\/2026\/02\/fchadaPrim.jpg\" class=\"attachment-full size-full\" alt=\"\" srcset=\"https:\/\/cvt.edu.mx\/home\/wp-content\/uploads\/2026\/02\/fchadaPrim.jpg 1589w, https:\/\/cvt.edu.mx\/home\/wp-content\/uploads\/2026\/02\/fchadaPrim-300x195.jpg 300w, https:\/\/cvt.edu.mx\/home\/wp-content\/uploads\/2026\/02\/fchadaPrim-1024x665.jpg 1024w, https:\/\/cvt.edu.mx\/home\/wp-content\/uploads\/2026\/02\/fchadaPrim-768x499.jpg 768w, https:\/\/cvt.edu.mx\/home\/wp-content\/uploads\/2026\/02\/fchadaPrim-1536x998.jpg 1536w\" sizes=\"(max-width: 1589px) 100vw, 1589px\" \/>\n\t\t\t<\/div><\/figure>\n\t\t<\/div>\n\t\t<\/div>\n\t\t\t\t\t\t<\/div>\n\t\t\t\t<\/div>\n\t\t\t\t<\/div>\n\t\t\t\t<\/div>\n\t\t\t\t\t<\/div>\n\t\t\t\t<\/div>\n\t\t<div class=\"elementor-element elementor-element-fae6152 e-flex e-con-boxed e-con e-parent\" data-id=\"fae6152\" data-element_type=\"container\" data-e-type=\"container\">\n\t\t\t\t\t<div class=\"e-con-inner\">\n\t\t\t\t<div class=\"elementor-element elementor-element-db16403 elementor-widget__width-auto elementor-widget-mobile__width-auto elementor-widget elementor-widget-heading\" data-id=\"db16403\" data-element_type=\"widget\" data-e-type=\"widget\" data-widget_type=\"heading.default\">\n\t\t\t\t\t<p class=\"elementor-heading-title elementor-size-default\">Colegio Victoria Tepeyac<\/p>\t\t\t\t<\/div>\n\t\t\t\t<div class=\"elementor-element elementor-element-8b43054 premium-title-clipped elementor-widget elementor-widget-premium-addon-title\" data-id=\"8b43054\" data-element_type=\"widget\" data-e-type=\"widget\" data-widget_type=\"premium-addon-title.default\">\n\t\t\t\t\t\r\n\t\t<div class=\"premium-title-container style1\">\r\n\t\t\t<span class=\"premium-title-header premium-title-style1 premium-con-lq__\">\r\n\t\t\t\t\r\n\t\t\t\t\r\n\t\t\t\t\t\t\t\t\t\t\t\t<span class=\"premium-title-text\">\r\n\t\t\t\t\t\u201cLa verdad se alcanza cuando el conocimiento se une con la virtud\u201d.\t\t\t\t<\/span>\r\n\t\t\t\t\t\r\n\t\t\t\t\t\t\t\t\r\n\t\t\t\t\t\t\t<\/span>\r\n\r\n\t\t<\/div>\r\n\r\n\t\t\t\t\t\t<\/div>\n\t\t\t\t<div class=\"elementor-element elementor-element-29208ad elementor-widget__width-auto elementor-widget elementor-widget-image\" data-id=\"29208ad\" data-element_type=\"widget\" data-e-type=\"widget\" data-widget_type=\"image.default\">\n\t\t\t\t\t\t\t\t\t\t\t\t\t\t\t<img loading=\"lazy\" decoding=\"async\" width=\"344\" height=\"113\" src=\"https:\/\/cvt.edu.mx\/home\/wp-content\/uploads\/2025\/12\/Imagenes.png\" class=\"attachment-full size-full wp-image-1011\" alt=\"\" srcset=\"https:\/\/cvt.edu.mx\/home\/wp-content\/uploads\/2025\/12\/Imagenes.png 344w, https:\/\/cvt.edu.mx\/home\/wp-content\/uploads\/2025\/12\/Imagenes-300x99.png 300w\" sizes=\"(max-width: 344px) 100vw, 344px\" \/>\t\t\t\t\t\t\t\t\t\t\t\t\t\t\t<\/div>\n\t\t\t\t\t<\/div>\n\t\t\t\t<\/div>\n\t\t\t\t<\/div>\n\t\t","protected":false},"excerpt":{"rendered":"<p>M\u00e1s que un Colegio, somos una comunidad que transforma vidas Con m\u00e1s de 35 a\u00f1os de historia, Colegio Victoria Tepeyac es el lugar donde el conocimiento, los valores, la tradici\u00f3n y la innovaci\u00f3n se unen para formar seres humanos \u00edntegros. Agenda una visita ahora Nuestra historia El Colegio Victoria Tepeyac ha sido un referente educativo [&hellip;]<\/p>\n","protected":false},"author":1,"featured_media":0,"parent":0,"menu_order":0,"comment_status":"closed","ping_status":"closed","template":"elementor_header_footer","meta":{"om_disable_all_campaigns":false,"_monsterinsights_skip_tracking":false,"_monsterinsights_sitenote_active":false,"_monsterinsights_sitenote_note":"","_monsterinsights_sitenote_category":0,"footnotes":""},"class_list":["post-875","page","type-page","status-publish","hentry"],"aioseo_notices":[],"_links":{"self":[{"href":"https:\/\/cvt.edu.mx\/home\/wp-json\/wp\/v2\/pages\/875","targetHints":{"allow":["GET"]}}],"collection":[{"href":"https:\/\/cvt.edu.mx\/home\/wp-json\/wp\/v2\/pages"}],"about":[{"href":"https:\/\/cvt.edu.mx\/home\/wp-json\/wp\/v2\/types\/page"}],"author":[{"embeddable":true,"href":"https:\/\/cvt.edu.mx\/home\/wp-json\/wp\/v2\/users\/1"}],"replies":[{"embeddable":true,"href":"https:\/\/cvt.edu.mx\/home\/wp-json\/wp\/v2\/comments?post=875"}],"version-history":[{"count":217,"href":"https:\/\/cvt.edu.mx\/home\/wp-json\/wp\/v2\/pages\/875\/revisions"}],"predecessor-version":[{"id":2701,"href":"https:\/\/cvt.edu.mx\/home\/wp-json\/wp\/v2\/pages\/875\/revisions\/2701"}],"wp:attachment":[{"href":"https:\/\/cvt.edu.mx\/home\/wp-json\/wp\/v2\/media?parent=875"}],"curies":[{"name":"wp","href":"https:\/\/api.w.org\/{rel}","templated":true}]}}